{"id":59,"date":"2023-12-11T09:48:36","date_gmt":"2023-12-11T09:48:36","guid":{"rendered":"https:\/\/eua25.org\/?page_id=59"},"modified":"2025-03-17T08:25:04","modified_gmt":"2025-03-17T08:25:04","slug":"kayit","status":"publish","type":"page","link":"https:\/\/eua25.org\/en\/kayit\/","title":{"rendered":"Registration"},"content":{"rendered":"<h4 class=\"wp-block-heading\">Congress Registration Fee<\/h4>\n\n\n\n<figure class=\"wp-block-table\"><table class=\"has-fixed-layout\"><thead><tr><th><\/th><th>After February 16, 2025<\/th><\/tr><\/thead><tbody><tr><td>Specialist<\/td><td>\u20ba15.500,00<\/td><\/tr><tr><td>Trainee<\/td><td>\u20ba14.000,00<\/td><\/tr><tr><td>Company Representative<\/td><td>\u20ba15.500,00<\/td><\/tr><tr><td>External Participation<\/td><td>EUR 390,00<\/td><\/tr><\/tbody><\/table><\/figure>\n\n\n\n<p><strong>Services Included in the Registration Fee<\/strong><\/p>\n\n\n\n<ul class=\"wp-block-list\">\n<li>Participation in the Scientific Program<\/li>\n\n\n\n<li>Certificate of Attendance and All Materials<\/li>\n\n\n\n<li>The specified amounts do not include VAT. The VAT rate is 20%.<\/li>\n<\/ul>\n\n\n\n<div class=\"wp-block-buttons is-layout-flex wp-block-buttons-is-layout-flex\">\n<div class=\"wp-block-button\"><a class=\"wp-block-button__link wp-element-button\" href=\"https:\/\/payment.brosgroup.net\/2025eua\/\" target=\"_blank\" rel=\"noreferrer noopener\">Click here for the online registration system<\/a><\/div>\n<\/div>\n\n\n\n<h4 class=\"wp-block-heading\">Accompanying Person Fees<\/h4>\n\n\n\n<figure class=\"wp-block-table\"><table class=\"has-fixed-layout\"><tbody><tr><td>Nuh\u2019un Gemisi Deluxe Hotel 1 Yeti\u015fkin Refakat\u00e7i Bedeli<\/td><td>EUR 200,00<\/td><\/tr><\/tbody><\/table><\/figure>\n\n\n\n<p>The specified accompanying person fee applies to a maximum of 2 additional accompanying persons staying in the same room. If there are more than 2 accompanying persons, we kindly ask you to contact the organizing company for pricing information.<\/p>\n\n\n\n<ul class=\"wp-block-list\">\n<li>(The accompanying person fee includes a 3-night stay. Social activities are not included.)<\/li>\n\n\n\n<li>Accompanying person fees are exempt from VAT.<\/li>\n\n\n\n<li>Any applicable taxes and charges that may arise will be reflected in the price.<\/li>\n<\/ul>\n\n\n\n<h4 class=\"wp-block-heading\">Konaklama Oteli<\/h4>\n\n\n\n<h5 class=\"wp-block-heading\">Nuh\u2019un Gemisi Deluxe Hotel (Kongre Merkezi)<\/h5>\n\n\n\n<figure class=\"wp-block-table\"><table class=\"has-fixed-layout\"><thead><tr><th><\/th><th class=\"translation-block\">Between December 31, 2024, and February 15, 2025<\/th><th>After February 16, 2025<\/th><\/tr><\/thead><tbody><tr><td>Single Room<\/td><td>EUR 850,00<\/td><td>EUR 900,00<\/td><\/tr><tr><td>Per Person in a Double Room<\/td><td>EUR 650,00<\/td><td>EUR 700,00<\/td><\/tr><\/tbody><\/table><\/figure>\n\n\n\n<p>Participants who do not book their accommodation at one of the congress hotels through the organization secretariat are required to pay an external participation fee in addition to the congress registration fee in order to access the congress hotel during the event. The \u201cExternal Participant Fee\u201d imposed by the hotel is 390 EUR, which covers the facility usage between 09:00 and 18:00. Additional charges may apply for access outside these hours.<\/p>\n\n\n\n<p>Accommodation fees cover a 3-night package stay on an all-inclusive basis, from May 16, 2025 (check-in) to May 19, 2025 (check-out). Package accommodations will not be split for partial stays<\/p>\n\n\n\n<ul class=\"wp-block-list\">\n<li>For participants who do not book accommodation, the \u201cexternal participation + registration fee\u201d must be paid.<\/li>\n\n\n\n<li>Accommodation fees are exempt from VAT.<\/li>\n\n\n\n<li>Any applicable taxes and charges that may arise will be reflected in the price.<\/li>\n<\/ul>\n\n\n\n<h4 class=\"wp-block-heading\">Transfer<\/h4>\n\n\n\n<figure class=\"wp-block-table\"><table class=\"has-fixed-layout\"><tbody><tr><td>Transfer (Round Trip)<\/td><td>EUR 120,00<\/td><\/tr><\/tbody><\/table><\/figure>\n\n\n\n<p>Transfer prices apply to group transfers scheduled for May 16, 2025 (arrival), and May 19, 2025 (departure). For transfer requests on other days, please contact us.<\/p>\n\n\n\n<ul class=\"wp-block-list\">\n<li>Transfer prices are exempt from VAT.<\/li>\n<\/ul>\n\n\n\n<p><\/p>","protected":false},"excerpt":{"rendered":"<p>Kongre Kay\u0131t Bedeli 16 \u015eubat 2025 sonras\u0131 Uzman \u20ba15.500,00 Asistan \u20ba14.000,00 Firma Temsilcisi \u20ba15.500,00 D\u0131\u015f Kat\u0131l\u0131m EUR 390,00 Kay\u0131t \u00dccretine Dahil Servisler Refakat\u00e7i \u00dccretleri Nuh\u2019un Gemisi Deluxe Hotel 1 Yeti\u015fkin Refakat\u00e7i Bedeli EUR 200,00 Belirtilen refakat\u00e7i bedeli ayn\u0131 odada en fazla 2 ilave refakat\u00e7inin konaklamas\u0131 i\u00e7in ge\u00e7erli olup, 2 ki\u015fiden fazla refakat\u00e7i olmas\u0131 durumunda fiyat [&hellip;]<\/p>","protected":false},"author":1,"featured_media":0,"parent":0,"menu_order":0,"comment_status":"closed","ping_status":"closed","template":"","meta":{"footnotes":""},"class_list":["post-59","page","type-page","status-publish","hentry"],"blocksy_meta":[],"_links":{"self":[{"href":"https:\/\/eua25.org\/en\/wp-json\/wp\/v2\/pages\/59","targetHints":{"allow":["GET"]}}],"collection":[{"href":"https:\/\/eua25.org\/en\/wp-json\/wp\/v2\/pages"}],"about":[{"href":"https:\/\/eua25.org\/en\/wp-json\/wp\/v2\/types\/page"}],"author":[{"embeddable":true,"href":"https:\/\/eua25.org\/en\/wp-json\/wp\/v2\/users\/1"}],"replies":[{"embeddable":true,"href":"https:\/\/eua25.org\/en\/wp-json\/wp\/v2\/comments?post=59"}],"version-history":[{"count":0,"href":"https:\/\/eua25.org\/en\/wp-json\/wp\/v2\/pages\/59\/revisions"}],"wp:attachment":[{"href":"https:\/\/eua25.org\/en\/wp-json\/wp\/v2\/media?parent=59"}],"curies":[{"name":"wp","href":"https:\/\/api.w.org\/{rel}","templated":true}]}}