{"id":56,"date":"2023-12-11T09:46:37","date_gmt":"2023-12-11T09:46:37","guid":{"rendered":"https:\/\/eua25.org\/?page_id=56"},"modified":"2025-03-19T06:38:23","modified_gmt":"2025-03-19T06:38:23","slug":"bildiriler","status":"publish","type":"page","link":"https:\/\/eua25.org\/en\/bildiriler\/","title":{"rendered":"Abstracts"},"content":{"rendered":"<div class=\"wp-block-buttons is-layout-flex wp-block-buttons-is-layout-flex\">\n<div class=\"wp-block-button has-custom-width wp-block-button__width-100 has-custom-font-size has-medium-font-size\"><a class=\"wp-block-button__link wp-element-button\" href=\"https:\/\/www.abstractagent.com\/2025eua\/\" style=\"border-radius:20px;padding-top:var(--wp--preset--spacing--40);padding-right:var(--wp--preset--spacing--40);padding-bottom:var(--wp--preset--spacing--40);padding-left:var(--wp--preset--spacing--40)\" target=\"_blank\" rel=\"noreferrer noopener\">CLICK HERE TO SEND YOUR ABSTRACT<\/a><\/div>\n<\/div>\n\n\n\n<h3 class=\"wp-block-heading\">Abstract Topics<\/h3>\n\n\n\n<p>Abstracts submitted for consideration at the 14th Eurasian Urooncology Congress should focus on the diagnosis, surgical treatment, and minimally invasive procedures of the following urological conditions, as well as the management of treatment-related complications.<\/p>\n\n\n\n<ul class=\"wp-block-list\">\n<li>Bladder Cancer<\/li>\n\n\n\n<li>Kidney Cancer<\/li>\n\n\n\n<li>Prostate cancer<\/li>\n\n\n\n<li>BPH<\/li>\n\n\n\n<li>Other Urooncology Papers<\/li>\n<\/ul>\n\n\n\n<h3 class=\"wp-block-heading\">Rules<\/h3>\n\n\n\n<ol class=\"wp-block-list\">\n<li class=\"translation-block\">Summaries will be collected by <a href=\"https:\/\/www.abstractagent.com\/2024eua\/\" target=\"_self\">online abstract system<\/a><\/li>\n\n\n\n<li>Academic titles should not be used in author names<\/li>\n\n\n\n<li>Summary; purpose, method, findings, conclusions and key words.<\/li>\n\n\n\n<li>The abstract must not exceed 250 words, excluding the full title, title, author\u2019s name, surname.<\/li>\n\n\n\n<li>The names and addresses of the institutions in which the authors work should be clearly indicated.<br>Ex: Xxxx University Faculty of Medicine, Xxxx Department of Health, City<\/li>\n\n\n\n<li>If an abbreviation is used in the abstract, the abbreviated name of the abbreviation should be specified in parentheses.<\/li>\n\n\n\n<li>Bildiri g\u00f6nderimi i\u00e7in son tarih:&nbsp;<strong>4 April 2025<\/strong><\/li>\n\n\n\n<li>An abstract book will be published in the Congress web page after the event.<\/li>\n<\/ol>\n\n\n\n<p><\/p>","protected":false},"excerpt":{"rendered":"<p>\u00d6zet Konular 14. Avrasya \u00dcroonkoloji Kongresi\u2019nde de\u011ferlendirilmek \u00fczere g\u00f6nderilen \u00f6zetler, a\u015fa\u011f\u0131daki \u00fcrolojik durumlar\u0131n tan\u0131, cerrahi tedavi ve minimal invaziv prosed\u00fcrlerin yan\u0131 s\u0131ra tedaviye ba\u011fl\u0131 komplikasyonlar\u0131n y\u00f6netimine odaklanmal\u0131d\u0131r: Yaz\u0131m Kurallar\u0131<\/p>","protected":false},"author":1,"featured_media":0,"parent":0,"menu_order":0,"comment_status":"closed","ping_status":"closed","template":"","meta":{"footnotes":""},"class_list":["post-56","page","type-page","status-publish","hentry"],"blocksy_meta":[],"_links":{"self":[{"href":"https:\/\/eua25.org\/en\/wp-json\/wp\/v2\/pages\/56","targetHints":{"allow":["GET"]}}],"collection":[{"href":"https:\/\/eua25.org\/en\/wp-json\/wp\/v2\/pages"}],"about":[{"href":"https:\/\/eua25.org\/en\/wp-json\/wp\/v2\/types\/page"}],"author":[{"embeddable":true,"href":"https:\/\/eua25.org\/en\/wp-json\/wp\/v2\/users\/1"}],"replies":[{"embeddable":true,"href":"https:\/\/eua25.org\/en\/wp-json\/wp\/v2\/comments?post=56"}],"version-history":[{"count":0,"href":"https:\/\/eua25.org\/en\/wp-json\/wp\/v2\/pages\/56\/revisions"}],"wp:attachment":[{"href":"https:\/\/eua25.org\/en\/wp-json\/wp\/v2\/media?parent=56"}],"curies":[{"name":"wp","href":"https:\/\/api.w.org\/{rel}","templated":true}]}}