{"id":52,"date":"2023-12-11T09:45:36","date_gmt":"2023-12-11T09:45:36","guid":{"rendered":"https:\/\/eua25.org\/?page_id=52"},"modified":"2025-05-15T12:13:54","modified_gmt":"2025-05-15T12:13:54","slug":"bildiri-programi","status":"publish","type":"page","link":"https:\/\/eua25.org\/en\/bildiri-programi\/","title":{"rendered":"Posterler"},"content":{"rendered":"<figure class=\"wp-block-table\"><table><thead><tr><th><strong>Publish Number<\/strong><\/th><th><strong>ABSTRACT TITLE<\/strong><\/th><th><strong>PRESENTER<\/strong><\/th><\/tr><\/thead><tbody><tr><td>PS-01<\/td><td>Nadir G\u00f6r\u00fclen Bir Spermatik Kord Kitlesi: Miyofibroblastom<\/td><td>Hamdi G\u00f6z<\/td><\/tr><tr><td>PS-02<\/td><td>Pelvik retroperitoneal n\u00f6rofibrom<\/td><td>\u00d6zg\u00fcr \u00c7\u0131nar<\/td><\/tr><tr><td>PS-03<\/td><td>Radikal Prostatektomi ve Pelvik Lenf Nodu Diseksiyonu Operasyonu Ger\u00e7ekle\u015ftirilen Hastalarda PSMA-PET SUVmax De\u011ferinin ve Lenf Nodu Tutulumunun Patolojik Lenf Nodu \u0130nvazyonu ile \u0130li\u015fkisi<\/td><td>Berkay Eren<\/td><\/tr><tr><td>PS-04<\/td><td>Atnal\u0131 b\u00f6brek anomalisi olan hastada geli\u015fen RCC olgusu,a\u00e7\u0131k y\u00f6ntemle yap\u0131lan heminefrektomi ile tedavisi<\/td><td>Enes Candemir<\/td><\/tr><tr><td>PS-05<\/td><td>Renal h\u00fccreli karsinom \u00f6n Tan\u0131s\u0131 ile parsiyel nefrektomi yap\u0131lan ve postoperatif ps\u00f6doanevrizma geli\u015fen bir olgu<\/td><td>Enes Candemir<\/td><\/tr><tr><td>PS-06<\/td><td>Radikal sistektomili hastada retrograd yolla ula\u015f\u0131lamayan distal \u00fcreter ta\u015f\u0131na antegrad yakla\u015f\u0131m: olgu sunumu<\/td><td>\u00d6meri Faruk Mutlu<\/td><\/tr><tr><td>PS-07<\/td><td>Retroperitoneal Hemanjiom Olgu Sunumu<\/td><td>Muhammed Yusuf Ayd\u0131n<\/td><\/tr><tr><td>PS-09<\/td><td>Varyant \u00dcrotelyal Karsinom: Tek Merkez Deneyiminden Sa\u011fkal\u0131m Sonu\u00e7lar\u0131 ve Risk Fakt\u00f6rleri<\/td><td>Muhammet Fahri Samuk<\/td><\/tr><tr><td>PS-10<\/td><td>B\u00f6brek T\u00fcm\u00f6r\u00fc Olan Hastada Nadir Bir Vask\u00fcler Anomali: Sol Ana \u0130liak Venin Sol Renal Vene A\u00e7\u0131lmas\u0131, Olgu Sunumu<\/td><td>Do\u011fucan Nuri U\u011fur<\/td><\/tr><tr><td>PS-11<\/td><td>Prognostic Value of the De Ritis Ratio in Predicting Survival After Bladder Recurrence Following Nephroureterectomy for Upper Urinary Tract Tumors<\/td><td>Enis Mert Yorulmaz<\/td><\/tr><tr><td>PS-13<\/td><td>Neoadjuvan Kemoterapi Alamayan Kas \u0130nvaziv Mesane Kanseri Hastalar\u0131n\u0131n Klinik ve Demografik \u00d6zellikleri<\/td><td>Ahmet Mermerta\u015f<\/td><\/tr><tr><td>PS-14<\/td><td>Negatif mpMRG (PI-RADS 1-2) Prostat Kanseri Te\u015fhisi \u0130\u00e7in Biyopsi Yap\u0131lmas\u0131n\u0131 \u00d6nleyebilir mi?<\/td><td>M\u00fccahid O\u011fuzhan Peru<\/td><\/tr><tr><td>PS-15<\/td><td>\u00dcreter Alt U\u00e7 \u00dcrotelyal Karsinomunda Thilium Lazer Ablasyon tedavisi: Vaka sunumu<\/td><td>Ali Sara\u00e7<\/td><\/tr><tr><td>PS-16<\/td><td>Biochemical failure in patients receiving Brachytherapy treatment for prostate cancer<\/td><td>Sebnem Hekimoglu<\/td><\/tr><tr><td>PS-17<\/td><td>Vaka raporu; nefrektomi sonras\u0131 insizyon hatt\u0131ndan n\u00fcks<\/td><td>esat unal<\/td><\/tr><tr><td>PS-18<\/td><td>Olgu Sunumu: Akci\u011fer Skuam\u00f6z H\u00fccreli Karsinomundan B\u00f6brek Metastaz\u0131<\/td><td>Tolga Yava\u015f<\/td><\/tr><tr><td>PS-19<\/td><td>Bilateral Senkron Testik\u00fcler Diff\u00fcz B\u00fcy\u00fck B H\u00fccreli Non-Hodgkin Lenfoma: Vaka Sunumu ve Literat\u00fcr Taramas\u0131<\/td><td>Faruk Ay<\/td><\/tr><tr><td>PS-20<\/td><td>Med\u00fcller Fenotipli S\u0131n\u0131fland\u0131r\u0131lmam\u0131\u015f Renal H\u00fccreli Karsinomun Kardiyak Metastaz\u0131: Olgu Sunumu<\/td><td>Muhammed Yusuf Ayd\u0131n<\/td><\/tr><tr><td>PS-22<\/td><td>El Yard\u0131m\u0131 \u0130le Yap\u0131lan Laparoskopik Sa\u011f Parsiyel Nefrektomi<\/td><td>Salim Tozan<\/td><\/tr><tr><td>PS-23<\/td><td>\u00dcretroplasti Sonras\u0131 Flepten K\u00f6ken Alan Nadir Bir T\u00fcm\u00f6r:Epiteloid \u0130nflamatuar Myofibroblastik T\u00fcm\u00f6r\/Sarkom<\/td><td>Bahattin S\u00fcrmeli<\/td><\/tr><tr><td>PS-24<\/td><td>Radikal Sistektomi + Sol Nefro\u00fcreterektomi + Sa\u011f \u00dcreterokutanostomi + Sa\u011f Lazer Ablasyon Sonras\u0131 Epirubisin Tedavisi: Bir Olgu Sunumu<\/td><td>Nahide Kerim \u00d6zfiliz<\/td><\/tr><tr><td>PS-25<\/td><td>Retroperitoneal Kanama ile Ba\u015fvuran Hastalara Yakla\u015f\u0131m<\/td><td>H\u00fcseyin Batur<\/td><\/tr><tr><td>PS-28<\/td><td>Laparoskopik Parsiyel Nefrektomi: \u00c7ift Aksesuar Renal Arterin Cerrahi Y\u00f6netimi<\/td><td>Hasan Batuhan Arabac\u0131<\/td><\/tr><tr><td>PS-29<\/td><td>N\u00f6rofibromatozis tip 1(NF-1), Feokromositoma ve Paraaortik Paraganglioma Tan\u0131l\u0131 Kad\u0131n Hastan\u0131n Cerrahi Sonras\u0131 Takibi<\/td><td>Enes \u015eener<\/td><\/tr><tr><td>PS-30<\/td><td>PSMA PET\/CT ve Multiparametrik MR&#8217;\u0131n Radikal Prostatektomi Sonras\u0131 Patolojik Evreleme ile Korelasyonu<\/td><td>Mehmet \u00d6zt\u00fcrk<\/td><\/tr><tr><td>PS-31<\/td><td>Gebelikte Hayat\u0131 Tehdit Eden Nadir G\u00f6r\u00fclen Masif Hemat\u00fcri Nedeni: Kromofob tip Renal H\u00fccreli Karsinom<\/td><td>Yusuf Enes K\u00f6k<\/td><\/tr><tr><td>PS-33<\/td><td>Laparoskopik Radikal Prostatektomi Sonras\u0131 Hastalar\u0131n \u0130drar Ka\u00e7\u0131rma A\u00e7\u0131s\u0131ndan De\u011ferlendirmesi<\/td><td>K\u00fcr\u015fat K\u00fc\u00e7\u00fcker<\/td><\/tr><tr><td>PS-34<\/td><td>Skrotal Kal\u0131nla\u015fma \u0130le Gelen Skrotal Fibroepitelyal Polip: \u00c7ok Nadir Olgu Sunumu<\/td><td>Muhammed Nur Karadeniz<\/td><\/tr><tr><td>PS-35<\/td><td>\u0130nguinal Kitle \u0130le Semptom Veren Metastatik Mesane Ca<\/td><td>Taha Emre Ayd\u0131n<\/td><\/tr><tr><td>PS-36<\/td><td>Prostat Kanserinde Bilateral Basit Or\u015fiektominin Yeri<\/td><td>H\u00fcseyin Karakayal\u0131<\/td><\/tr><tr><td>PS-38<\/td><td>Radikal Nefrektomi Sonras\u0131 Port Yeri Metastaz\u0131<\/td><td>Nahide Kerim \u00d6zfiliz<\/td><\/tr><tr><td>PS-39<\/td><td>Malignite \u015f\u00fcphesiyle nefrektomi yap\u0131lan k\u0131rkbe\u015f ya\u015f alt\u0131 hastalar\u0131n sonu\u00e7lar\u0131n\u0131n de\u011ferlendirilmesi<\/td><td>Mehmet Can Tiryaki<\/td><\/tr><tr><td>PS-40<\/td><td>A Case Report of Bladder Tumor in an Adolescent<\/td><td>Mehmet Can Tiryaki<\/td><\/tr><tr><td>PS-41<\/td><td>Benign Prostat Hiperplazisi\u2019nin ThuFLEP Cerrahisinde \u00c7al\u0131\u015fma Kanal\u0131 \u00c7aplar\u0131n\u0131n Klinik Sonu\u00e7lara Etkisi<\/td><td>Burak Y\u0131lmaz<\/td><\/tr><tr><td>PS-42<\/td><td>Retroperitoneal Leiomyoma<\/td><td>Huseyin Kocakgol<\/td><\/tr><tr><td>PS-43<\/td><td>Prostat Kanseri Te\u015fhisinde Multiparametrik Manyetik Rezonans G\u00f6r\u00fcnt\u00fcleme\/Transrektal Ultrason Rehberli\u011finde Hedefe Y\u00f6nelik Biyopsi ve Sistemik Biyopsi Sonu\u00e7lar\u0131m\u0131z<\/td><td>C\u00fcneyd Sevin\u00e7<\/td><\/tr><tr><td>PS-44<\/td><td>Mesane kanserinde thulium fiber laser rezeksiyon<\/td><td>Bilgi Isler<\/td><\/tr><tr><td>PS-45<\/td><td>Mesane kanseri Olan Hastalarda Seks\u00fcel Fonksiyon ve Ya\u015fam Kalitesi:Yeterine \u00dczerinde duruluyor mu?<\/td><td>Rahib Garayev<\/td><\/tr><tr><td>PS-46<\/td><td>A\u00e7\u0131k Radikal Prostatektomi Operasyonu Sonras\u0131 Patoloji Sonucu; Vezik\u00fcloseminaliz Amiloidozu<\/td><td>Mustafa Koray K\u0131rda\u011f<\/td><\/tr><tr><td>PS-47<\/td><td>Mesane t\u00fcm\u00f6r\u00fc tedavisinde thulium lazer kullan\u0131m\u0131: tek cerrah deneyimi<\/td><td>H\u00fcseyin Salih K\u0131na<\/td><\/tr><tr><td>PS-48<\/td><td>Nadir Bir Olgu; Mesane T\u00fcm\u00f6r\u00fc Tan\u0131l\u0131 Hastada \u00dcretral Kondiloma Ak\u00fcminata<\/td><td>Mehmet Can Tiryaki<\/td><\/tr><tr><td>PS-49<\/td><td>Vena Cava \u0130nvazyonu ile Seyreden Renal Leiomyosarkom: Zorlay\u0131c\u0131 Bir Olgu Sunumu<\/td><td>Salim Zengin<\/td><\/tr><tr><td>PS-50<\/td><td>THUFLEP OPERASYONU YAPILAN HASTALAR,Bursa Uluda\u011f \u00dcniversitesi Deneyimi<\/td><td>Z\u00fcleyha \u0130nce<\/td><\/tr><tr><td>PS-51<\/td><td>LAPAROSKOP\u0130K RAD\u0130KAL PROSTATEKTOM\u0130 YAPILAN HASTALAR,Bursa Uluda\u011f \u00dcniversitesi Deneyimi<\/td><td>Z\u00fcleyha \u0130nce<\/td><\/tr><tr><td>PS-52<\/td><td>D\u00fc\u015f\u00fck Dereceli Mesane T\u00fcm\u00f6r\u00fc Olan Hastada Geli\u015fen Agresif N\u00f6roendokrin Mesane T\u00fcm\u00f6r\u00fc<\/td><td>Hasan Sar\u0131ko\u00e7<\/td><\/tr><tr><td>PS-53<\/td><td>Malignancy or Infection?<\/td><td>\u00d6mer Uslu<\/td><\/tr><tr><td>PS-54<\/td><td>Risks and Complications of Robotic-Assisted Radical Prostatectomy (RARP) in Patients Receiving Antiplatelet and\/or Anticoagulant Therapy<\/td><td>Omer Uslu<\/td><\/tr><tr><td>PS-55<\/td><td>Sa\u011f Atriuma Uzanan Tromb\u00fcsl\u00fc Renal H\u00fccreli Krasinom: Olgu Sunumu<\/td><td>\u0130shak G\u00fcnay<\/td><\/tr><tr><td>PS-57<\/td><td>B\u00f6brekte Dev Anjiomyolipom Nedeniyle A\u00e7\u0131k Nefrektomi Yap\u0131lan Hasta: Vaka Sunumu<\/td><td>Muhammed Nur Karadeniz<\/td><\/tr><tr><td>PS-59<\/td><td>Mesane Kanseri Tan\u0131s\u0131 Olan Hastalarda Pioglitazone Kullan\u0131m \u00d6yk\u00fcs\u00fcn\u00fcn De\u011ferlendirilmesi<\/td><td>Turgay Turan<\/td><\/tr><tr><td>PS-60<\/td><td>Telomerase gene expression in urinary bladder cancer<\/td><td>Martina Ambardjieva<\/td><\/tr><tr><td>PS-61<\/td><td>BCG\u2019yi mesaneye de\u011fil mideye g\u00f6nderdi, ilgin\u00e7 bir uygulama hatas\u0131: Case report and an overview<\/td><td>Taylan T\u0131\u011fl\u0131<\/td><\/tr><tr><td>PS-62<\/td><td>\u0130ntravezikal BCG Uygulanan Mesane T\u00fcm\u00f6r\u00fc Hastalar\u0131nda \u0130drar NGF (Nerve Growth Factor) De\u011ferinin Mesane Semptomlar\u0131n\u0131 ve Onkolojik Yan\u0131t\u0131 \u00d6ng\u00f6rmedeki Etkinli\u011fi<\/td><td>Emre Yard\u0131mc\u0131<\/td><\/tr><tr><td>PS-63<\/td><td>Nadir Olgu Sunumu: Travma Sonras\u0131 Testis T\u00fcm\u00f6r\u00fc<\/td><td>Fatih O\u011fuz<\/td><\/tr><tr><td>PS-64<\/td><td>Nadir bir antite: Kistik prezentasyonlu dev dediferansiye liposarkom<\/td><td>Kaz\u0131m Ceviz<\/td><\/tr><tr><td>PS-65<\/td><td>Dev Retroperitoneal Kitle<\/td><td>caner \u00f6zkan<\/td><\/tr><tr><td>PS-67<\/td><td>The Value of the Ratio of PSA to Hematological Inflammatory Markers in Predicting the Diagnosis and Prognosis of Prostate Cancer: A Comprehensive Analysis<\/td><td>Ali Nebioglu<\/td><\/tr><tr><td>PS-69<\/td><td>HALP Skoru: Klinik Olarak Anlaml\u0131 Prostat Kanserinin Tan\u0131s\u0131nda Yard\u0131mc\u0131 Bir Belirte\u00e7 Olabilir mi?<\/td><td>H\u00fcseyin Burak Yaz\u0131l\u0131<\/td><\/tr><tr><td>PS-70<\/td><td>ChatGPT-4 ve DeepSeek&#8217;in Mesane Kanseri ile \u0130lgili Sorulara Verdi\u011fi Yan\u0131tlar\u0131n Kalite ve Tutarl\u0131l\u0131k A\u00e7\u0131s\u0131ndan Kar\u015f\u0131la\u015ft\u0131r\u0131lmas\u0131<\/td><td>O\u011fuzhan Y\u0131ld\u0131z<\/td><\/tr><tr><td>PS-71<\/td><td>SKROTAL TM CASE REPORT \/ Adenomatoid TM<\/td><td>Berke Demiriz<\/td><\/tr><tr><td>PS-72<\/td><td>Sarcomatous malignant mesenchymal ureteral tumor: A rare case report<\/td><td>Mehmet Eren Akan<\/td><\/tr><tr><td>PS-73<\/td><td>Trigliserid-Glukoz \u0130ndeksi Kasa \u0130nvaziv Olmayan Mesane Kanseride Rek\u00fcrrens Riskini \u00d6ng\u00f6rebilir mi? Retrospektif Bir De\u011ferlendirme<\/td><td>Ufuk \u00c7a\u011flar<\/td><\/tr><tr><td>PS-74<\/td><td>Transperineal Prostat Biyopsisi \u0130lk Deneyimlerimiz<\/td><td>\u0130brahi\u0307m Hali\u0307l G\u00f6rda\u011f<\/td><\/tr><tr><td>PS-75<\/td><td>B\u00f6brek T\u00fcm\u00f6r\u00fc Tedavisinde \u00dc\u00e7 Boyutlu Laparaskopik Parsiyel Nefrektomi Deneyimimiz<\/td><td>Ahmet Faruk Akat<\/td><\/tr><tr><td>PS-76<\/td><td>\u00dcreteral obstr\u00fcksiyon nedeniyle irreversibl b\u00f6brek hasar\u0131na olan pelvik kitle: Benign mi malign mi?<\/td><td>Emre Aytekin<\/td><\/tr><tr><td>PS-77<\/td><td>Laparoscopic Adrenalectomy for Solitary Metastasis of Bladder Cancer: A Minimally Invasive Approach in a Rare Scenario<\/td><td>F\u0131rat Yenig\u00fcn<\/td><\/tr><tr><td>PS-80<\/td><td>Sol Lateral Dek\u00fcbit ve Litotomi Pozisyonlar\u0131nda Bili\u015fsel Manyetik Rezonans-Ultrason F\u00fczyon Prostat Biyopsi Sonu\u00e7lar\u0131n\u0131n Kar\u015f\u0131la\u015ft\u0131r\u0131lmas\u0131: Prospektif Randomize \u00c7al\u0131\u015fma<\/td><td>Cengizhan Ay\u0131k<\/td><\/tr><tr><td>PS-81<\/td><td>Radikal Nefro\u00fcreteroktomi + Mesane Cuff Eksizyonu Sonras\u0131 Mesane N\u00fcks\u00fc Olan Hastaya Yakla\u015f\u0131m<\/td><td>Alaattin Ekinci<\/td><\/tr><tr><td>PS-82<\/td><td>Nadir G\u00f6r\u00fclen Bir Anomali: Sagittal Malrotasyonlu B\u00f6brekte Ekzofitik Renal T\u00fcm\u00f6r: Transperitoneal Laparoskopik Parsiyel Nefrektomi Deneyimi<\/td><td>Abidin Emre A\u011f\u0131rba\u015fl\u0131<\/td><\/tr><tr><td>PS-83<\/td><td>Retroperitoneal apse: \u00dcreter m\u00fcsin\u00f6z adenokarsinom olgu sunumu<\/td><td>Ha\u015fim \u00c7a\u00e7an<\/td><\/tr><tr><td>PS-84<\/td><td>Parsiyel Nefrektomi Sonras\u0131 Uzayan Drenaj: \u0130ki Ayr\u0131 Cerrahi Yakla\u015f\u0131m, Benzer Komplikasyonlar<\/td><td>Do\u011fukan Bilgi<\/td><\/tr><tr><td>PS-86<\/td><td>Prostat Kanserine Y\u00f6nelik Artan Dijital Fark\u0131ndal\u0131k: Google Trends Verilerinin Retrospektif Analizi<\/td><td>\u00c7a\u011flar Dizdaro\u011flu<\/td><\/tr><tr><td>PS-87<\/td><td>Prostat Kanserinde PSMA PET\/BT\u2019nin Lenf Nodu Metastaz\u0131n\u0131 \u00d6ng\u00f6rmedeki Tan\u0131sal De\u011feri<\/td><td>Muhammed Ya\u015fayacak<\/td><\/tr><tr><td>PS-88<\/td><td>Non-Germ Cell Testicular Masses<\/td><td>Bilal Kaya<\/td><\/tr><tr><td>PS-89<\/td><td>Freehand Transperineal Prostat Biyopsisi ile Transrektal Prostat Biyopsisinin Onkolojik ve Fonksiyonel Sonu\u00e7lar\u0131n\u0131n Kar\u015f\u0131la\u015ft\u0131r\u0131lmas\u0131<\/td><td>Mithat Ek\u015fi<\/td><\/tr><tr><td>PS-90<\/td><td>Robotic Partial Nephrectomy for De-Novo Renal Mass in a Patient Who Had Laparoscopic Partial Nephrectomy<\/td><td>Kamil G\u00f6khan \u015eeker<\/td><\/tr><\/tbody><\/table><\/figure>\n\n\n\n<p><\/p>","protected":false},"excerpt":{"rendered":"<p>Publish Number ABSTRACT TITLE PRESENTER PS-01 Nadir G\u00f6r\u00fclen Bir Spermatik Kord Kitlesi: Miyofibroblastom Hamdi G\u00f6z PS-02 Pelvik retroperitoneal n\u00f6rofibrom \u00d6zg\u00fcr \u00c7\u0131nar PS-03 Radikal Prostatektomi ve Pelvik Lenf Nodu Diseksiyonu Operasyonu Ger\u00e7ekle\u015ftirilen Hastalarda PSMA-PET SUVmax De\u011ferinin ve Lenf Nodu Tutulumunun Patolojik Lenf Nodu \u0130nvazyonu ile \u0130li\u015fkisi Berkay Eren PS-04 Atnal\u0131 b\u00f6brek anomalisi olan hastada geli\u015fen RCC [&hellip;]<\/p>","protected":false},"author":1,"featured_media":0,"parent":0,"menu_order":0,"comment_status":"closed","ping_status":"closed","template":"","meta":{"footnotes":""},"class_list":["post-52","page","type-page","status-publish","hentry"],"blocksy_meta":{"page_structure_type":"type-4","styles_descriptor":{"styles":{"desktop":"","tablet":"","mobile":""},"google_fonts":[],"version":6}},"_links":{"self":[{"href":"https:\/\/eua25.org\/en\/wp-json\/wp\/v2\/pages\/52","targetHints":{"allow":["GET"]}}],"collection":[{"href":"https:\/\/eua25.org\/en\/wp-json\/wp\/v2\/pages"}],"about":[{"href":"https:\/\/eua25.org\/en\/wp-json\/wp\/v2\/types\/page"}],"author":[{"embeddable":true,"href":"https:\/\/eua25.org\/en\/wp-json\/wp\/v2\/users\/1"}],"replies":[{"embeddable":true,"href":"https:\/\/eua25.org\/en\/wp-json\/wp\/v2\/comments?post=52"}],"version-history":[{"count":0,"href":"https:\/\/eua25.org\/en\/wp-json\/wp\/v2\/pages\/52\/revisions"}],"wp:attachment":[{"href":"https:\/\/eua25.org\/en\/wp-json\/wp\/v2\/media?parent=52"}],"curies":[{"name":"wp","href":"https:\/\/api.w.org\/{rel}","templated":true}]}}