{"id":42,"date":"2023-12-11T09:43:16","date_gmt":"2023-12-11T09:43:16","guid":{"rendered":"https:\/\/eua25.org\/?page_id=42"},"modified":"2025-03-17T08:37:20","modified_gmt":"2025-03-17T08:37:20","slug":"komiteler","status":"publish","type":"page","link":"https:\/\/eua25.org\/en\/komiteler\/","title":{"rendered":"Committees"},"content":{"rendered":"<div data-elementor-type=\"wp-page\" data-elementor-id=\"42\" class=\"elementor elementor-42\" data-elementor-post-type=\"page\">\n\t\t\t\t<div class=\"elementor-element elementor-element-4ebd2b0 e-flex e-con-boxed e-con e-parent\" data-id=\"4ebd2b0\" data-element_type=\"container\">\n\t\t\t\t\t<div class=\"e-con-inner\">\n\t\t<div class=\"elementor-element elementor-element-26495a5 e-con-full e-flex e-con e-child\" data-id=\"26495a5\" data-element_type=\"container\">\n\t\t\t\t<div class=\"elementor-element elementor-element-18e11b4 elementor-widget elementor-widget-heading\" data-id=\"18e11b4\" data-element_type=\"widget\" data-widget_type=\"heading.default\">\n\t\t\t\t<div class=\"elementor-widget-container\">\n\t\t\t\t\t<h3 class=\"elementor-heading-title elementor-size-default\">Congress Chair<\/h3>\t\t\t\t<\/div>\n\t\t\t\t<\/div>\n\t\t\t\t<\/div>\n\t\t<div class=\"elementor-element elementor-element-7f59e88 e-con-full e-flex e-con e-child\" data-id=\"7f59e88\" data-element_type=\"container\">\n\t\t\t\t<div class=\"elementor-element elementor-element-1a843a8 elementor-widget__width-initial elementor-widget elementor-widget-image\" data-id=\"1a843a8\" data-element_type=\"widget\" data-widget_type=\"image.default\">\n\t\t\t\t<div class=\"elementor-widget-container\">\n\t\t\t\t\t\t\t\t\t\t\t\t\t\t\t<img fetchpriority=\"high\" decoding=\"async\" width=\"234\" height=\"300\" src=\"https:\/\/eua25.org\/wp-content\/uploads\/2024\/11\/Volkan-Tugcu-234x300.jpg\" class=\"attachment-medium size-medium wp-image-778\" alt=\"\" srcset=\"https:\/\/eua25.org\/wp-content\/uploads\/2024\/11\/Volkan-Tugcu-234x300.jpg 234w, https:\/\/eua25.org\/wp-content\/uploads\/2024\/11\/Volkan-Tugcu-9x12.jpg 9w, https:\/\/eua25.org\/wp-content\/uploads\/2024\/11\/Volkan-Tugcu.jpg 682w\" sizes=\"(max-width: 234px) 100vw, 234px\" \/>\t\t\t\t\t\t\t\t\t\t\t\t\t\t\t<\/div>\n\t\t\t\t<\/div>\n\t\t\t\t<div class=\"elementor-element elementor-element-ad59a1b elementor-widget elementor-widget-text-editor\" data-id=\"ad59a1b\" data-element_type=\"widget\" data-widget_type=\"text-editor.default\">\n\t\t\t\t<div class=\"elementor-widget-container\">\n\t\t\t\t\t\t\t\t\t<p style=\"text-align: center;\"><strong>Prof. Dr. Volkan Tu\u011fcu<\/strong><br \/><em>\u0130stinye \u00dcniversitesi <\/em><br \/><em>Liv Hospital Vadistanbul<\/em><\/p>\t\t\t\t\t\t\t\t<\/div>\n\t\t\t\t<\/div>\n\t\t\t\t<\/div>\n\t\t\t\t\t<\/div>\n\t\t\t\t<\/div>\n\t\t<div class=\"elementor-element elementor-element-276ebdb e-flex e-con-boxed e-con e-parent\" data-id=\"276ebdb\" data-element_type=\"container\">\n\t\t\t\t\t<div class=\"e-con-inner\">\n\t\t<div class=\"elementor-element elementor-element-31315ad e-con-full e-flex e-con e-child\" data-id=\"31315ad\" data-element_type=\"container\">\n\t\t\t\t<div class=\"elementor-element elementor-element-986ab31 elementor-widget elementor-widget-heading\" data-id=\"986ab31\" data-element_type=\"widget\" data-widget_type=\"heading.default\">\n\t\t\t\t<div class=\"elementor-widget-container\">\n\t\t\t\t\t<h3 class=\"elementor-heading-title elementor-size-default\">Congress Secretaries<\/h3>\t\t\t\t<\/div>\n\t\t\t\t<\/div>\n\t\t\t\t<\/div>\n\t\t<div class=\"elementor-element elementor-element-c0489ad e-con-full e-flex e-con e-child\" data-id=\"c0489ad\" data-element_type=\"container\">\n\t\t\t\t<div class=\"elementor-element elementor-element-895855a elementor-widget elementor-widget-image\" data-id=\"895855a\" data-element_type=\"widget\" data-widget_type=\"image.default\">\n\t\t\t\t<div class=\"elementor-widget-container\">\n\t\t\t\t\t\t\t\t\t\t\t\t\t\t\t<img decoding=\"async\" width=\"234\" height=\"300\" src=\"https:\/\/eua25.org\/wp-content\/uploads\/2024\/11\/Abdurrahim-Imamoglu-234x300.jpg\" class=\"attachment-medium size-medium wp-image-775\" alt=\"\" srcset=\"https:\/\/eua25.org\/wp-content\/uploads\/2024\/11\/Abdurrahim-Imamoglu-234x300.jpg 234w, https:\/\/eua25.org\/wp-content\/uploads\/2024\/11\/Abdurrahim-Imamoglu-9x12.jpg 9w, https:\/\/eua25.org\/wp-content\/uploads\/2024\/11\/Abdurrahim-Imamoglu.jpg 682w\" sizes=\"(max-width: 234px) 100vw, 234px\" \/>\t\t\t\t\t\t\t\t\t\t\t\t\t\t\t<\/div>\n\t\t\t\t<\/div>\n\t\t\t\t<div class=\"elementor-element elementor-element-4a66600 elementor-widget elementor-widget-text-editor\" data-id=\"4a66600\" data-element_type=\"widget\" data-widget_type=\"text-editor.default\">\n\t\t\t\t<div class=\"elementor-widget-container\">\n\t\t\t\t\t\t\t\t\t<p style=\"text-align: center;\"><strong>Prof. Dr. Abdurrahim \u0130mamo\u011flu<\/strong><br \/><em>Sa\u011fl\u0131k Blimleri \u00dcniversitesi<\/em><br \/><em>Ankara Etlik \u015eehir Hastanesi<\/em><\/p>\t\t\t\t\t\t\t\t<\/div>\n\t\t\t\t<\/div>\n\t\t\t\t<\/div>\n\t\t<div class=\"elementor-element elementor-element-2a1889d e-con-full e-flex e-con e-child\" data-id=\"2a1889d\" data-element_type=\"container\">\n\t\t\t\t<div class=\"elementor-element elementor-element-374d26a elementor-widget elementor-widget-image\" data-id=\"374d26a\" data-element_type=\"widget\" data-widget_type=\"image.default\">\n\t\t\t\t<div class=\"elementor-widget-container\">\n\t\t\t\t\t\t\t\t\t\t\t\t\t\t\t<img decoding=\"async\" width=\"234\" height=\"300\" src=\"https:\/\/eua25.org\/wp-content\/uploads\/2024\/11\/Deniz-Tural-234x300.jpg\" class=\"attachment-medium size-medium wp-image-776\" alt=\"\" srcset=\"https:\/\/eua25.org\/wp-content\/uploads\/2024\/11\/Deniz-Tural-234x300.jpg 234w, https:\/\/eua25.org\/wp-content\/uploads\/2024\/11\/Deniz-Tural-9x12.jpg 9w, https:\/\/eua25.org\/wp-content\/uploads\/2024\/11\/Deniz-Tural.jpg 682w\" sizes=\"(max-width: 234px) 100vw, 234px\" \/>\t\t\t\t\t\t\t\t\t\t\t\t\t\t\t<\/div>\n\t\t\t\t<\/div>\n\t\t\t\t<div class=\"elementor-element elementor-element-a57e117 elementor-widget elementor-widget-text-editor\" data-id=\"a57e117\" data-element_type=\"widget\" data-widget_type=\"text-editor.default\">\n\t\t\t\t<div class=\"elementor-widget-container\">\n\t\t\t\t\t\t\t\t\t<p style=\"text-align: center;\"><strong>Prof. Dr. Deniz Tural<\/strong><br \/><em>Ko\u00e7 \u00dcniversitesi Hastanesi<\/em><\/p>\t\t\t\t\t\t\t\t<\/div>\n\t\t\t\t<\/div>\n\t\t\t\t<\/div>\n\t\t<div class=\"elementor-element elementor-element-3fb3b48 e-con-full e-flex e-con e-child\" data-id=\"3fb3b48\" data-element_type=\"container\">\n\t\t\t\t<div class=\"elementor-element elementor-element-dbdde27 elementor-widget elementor-widget-image\" data-id=\"dbdde27\" data-element_type=\"widget\" data-widget_type=\"image.default\">\n\t\t\t\t<div class=\"elementor-widget-container\">\n\t\t\t\t\t\t\t\t\t\t\t\t\t\t\t<img loading=\"lazy\" decoding=\"async\" width=\"234\" height=\"300\" src=\"https:\/\/eua25.org\/wp-content\/uploads\/2024\/11\/Faruk-Ozgur-234x300.jpg\" class=\"attachment-medium size-medium wp-image-777\" alt=\"\" srcset=\"https:\/\/eua25.org\/wp-content\/uploads\/2024\/11\/Faruk-Ozgur-234x300.jpg 234w, https:\/\/eua25.org\/wp-content\/uploads\/2024\/11\/Faruk-Ozgur-9x12.jpg 9w, https:\/\/eua25.org\/wp-content\/uploads\/2024\/11\/Faruk-Ozgur.jpg 682w\" sizes=\"(max-width: 234px) 100vw, 234px\" \/>\t\t\t\t\t\t\t\t\t\t\t\t\t\t\t<\/div>\n\t\t\t\t<\/div>\n\t\t\t\t<div class=\"elementor-element elementor-element-004e59c elementor-widget elementor-widget-text-editor\" data-id=\"004e59c\" data-element_type=\"widget\" data-widget_type=\"text-editor.default\">\n\t\t\t\t<div class=\"elementor-widget-container\">\n\t\t\t\t\t\t\t\t\t<p style=\"text-align: center;\"><strong>Prof.Dr. Faruk \u00d6zg\u00f6r<\/strong><br \/><em>Sa\u011fl\u0131k Blimleri \u00dcniversitesi<\/em><br \/><em>\u0130stanbul Haseki EAH<\/em><\/p>\t\t\t\t\t\t\t\t<\/div>\n\t\t\t\t<\/div>\n\t\t\t\t<\/div>\n\t\t\t\t\t<\/div>\n\t\t\t\t<\/div>\n\t\t\t\t<\/div>","protected":false},"excerpt":{"rendered":"<p>Kongre Ba\u015fkan\u0131 Prof. Dr. Volkan Tu\u011fcu\u0130stinye \u00dcniversitesi Liv Hospital Vadistanbul Kongre Sekreterleri Prof. Dr. Abdurrahim \u0130mamo\u011fluSa\u011fl\u0131k Blimleri \u00dcniversitesiAnkara Etlik \u015eehir Hastanesi Prof. Dr. Deniz TuralKo\u00e7 \u00dcniversitesi Hastanesi Prof.Dr. Faruk \u00d6zg\u00f6rSa\u011fl\u0131k Blimleri \u00dcniversitesi\u0130stanbul Haseki EAH<\/p>","protected":false},"author":1,"featured_media":0,"parent":0,"menu_order":0,"comment_status":"closed","ping_status":"closed","template":"","meta":{"footnotes":""},"class_list":["post-42","page","type-page","status-publish","hentry"],"blocksy_meta":[],"_links":{"self":[{"href":"https:\/\/eua25.org\/en\/wp-json\/wp\/v2\/pages\/42","targetHints":{"allow":["GET"]}}],"collection":[{"href":"https:\/\/eua25.org\/en\/wp-json\/wp\/v2\/pages"}],"about":[{"href":"https:\/\/eua25.org\/en\/wp-json\/wp\/v2\/types\/page"}],"author":[{"embeddable":true,"href":"https:\/\/eua25.org\/en\/wp-json\/wp\/v2\/users\/1"}],"replies":[{"embeddable":true,"href":"https:\/\/eua25.org\/en\/wp-json\/wp\/v2\/comments?post=42"}],"version-history":[{"count":0,"href":"https:\/\/eua25.org\/en\/wp-json\/wp\/v2\/pages\/42\/revisions"}],"wp:attachment":[{"href":"https:\/\/eua25.org\/en\/wp-json\/wp\/v2\/media?parent=42"}],"curies":[{"name":"wp","href":"https:\/\/api.w.org\/{rel}","templated":true}]}}