{"id":39,"date":"2023-12-11T09:42:28","date_gmt":"2023-12-11T09:42:28","guid":{"rendered":"https:\/\/eua25.org\/?page_id=39"},"modified":"2025-03-17T07:52:25","modified_gmt":"2025-03-17T07:52:25","slug":"kongre-merkezi","status":"publish","type":"page","link":"https:\/\/eua25.org\/en\/kongre-merkezi\/","title":{"rendered":"Congress Venue"},"content":{"rendered":"<div data-elementor-type=\"wp-page\" data-elementor-id=\"39\" class=\"elementor elementor-39\" data-elementor-post-type=\"page\">\n\t\t\t\t<div class=\"elementor-element elementor-element-6b4995a8 e-flex e-con-boxed e-con e-parent\" data-id=\"6b4995a8\" data-element_type=\"container\">\n\t\t\t\t\t<div class=\"e-con-inner\">\n\t\t\t\t<div class=\"elementor-element elementor-element-5ce02d7 elementor-widget elementor-widget-heading\" data-id=\"5ce02d7\" data-element_type=\"widget\" data-widget_type=\"heading.default\">\n\t\t\t\t<div class=\"elementor-widget-container\">\n\t\t\t\t\t<h4 class=\"elementor-heading-title elementor-size-default\">Noah's Ark Deluxe Hotel, TRNC<\/h4>\t\t\t\t<\/div>\n\t\t\t\t<\/div>\n\t\t\t\t\t<\/div>\n\t\t\t\t<\/div>\n\t\t<div class=\"elementor-element elementor-element-38eb520 e-flex e-con-boxed e-con e-parent\" data-id=\"38eb520\" data-element_type=\"container\">\n\t\t\t\t\t<div class=\"e-con-inner\">\n\t\t\t\t<div class=\"elementor-element elementor-element-5386eb3 gallery-spacing-custom elementor-widget elementor-widget-image-gallery\" data-id=\"5386eb3\" data-element_type=\"widget\" data-widget_type=\"image-gallery.default\">\n\t\t\t\t<div class=\"elementor-widget-container\">\n\t\t\t\t\t\t\t<div class=\"elementor-image-gallery\">\n\t\t\t<div id='gallery-1' class='gallery galleryid-39 gallery-columns-4 gallery-size-medium'><figure class='gallery-item'>\n\t\t\t<div class='gallery-icon portrait'>\n\t\t\t\t<a data-elementor-open-lightbox=\"yes\" data-elementor-lightbox-slideshow=\"5386eb3\" data-elementor-lightbox-title=\"Murat-Bozlu-2\" data-e-action-hash=\"#elementor-action%3Aaction%3Dlightbox%26settings%3DeyJpZCI6NDgxLCJ1cmwiOiJodHRwczpcL1wvZXVhMjUub3JnXC93cC1jb250ZW50XC91cGxvYWRzXC8yMDI0XC8wOFwvTXVyYXQtQm96bHUtMi5qcGciLCJzbGlkZXNob3ciOiI1Mzg2ZWIzIn0%3D\" href='https:\/\/eua25.org\/wp-content\/uploads\/2024\/08\/Murat-Bozlu-2.jpg'><img fetchpriority=\"high\" decoding=\"async\" width=\"234\" height=\"300\" src=\"https:\/\/eua25.org\/wp-content\/uploads\/2024\/08\/Murat-Bozlu-2-234x300.jpg\" class=\"attachment-medium size-medium\" alt=\"\" srcset=\"https:\/\/eua25.org\/wp-content\/uploads\/2024\/08\/Murat-Bozlu-2-234x300.jpg 234w, https:\/\/eua25.org\/wp-content\/uploads\/2024\/08\/Murat-Bozlu-2-9x12.jpg 9w, https:\/\/eua25.org\/wp-content\/uploads\/2024\/08\/Murat-Bozlu-2.jpg 682w\" sizes=\"(max-width: 234px) 100vw, 234px\" \/><\/a>\n\t\t\t<\/div><\/figure><figure class='gallery-item'>\n\t\t\t<div class='gallery-icon portrait'>\n\t\t\t\t<a data-elementor-open-lightbox=\"yes\" data-elementor-lightbox-slideshow=\"5386eb3\" data-elementor-lightbox-title=\"\u0130smet-Yava\u015fcao\u011flu\" data-e-action-hash=\"#elementor-action%3Aaction%3Dlightbox%26settings%3DeyJpZCI6MTM3NSwidXJsIjoiaHR0cHM6XC9cL2V1YTI1Lm9yZ1wvd3AtY29udGVudFwvdXBsb2Fkc1wvMjAyNVwvMDVcL0lzbWV0LVlhdmFzY2FvZ2x1LmpwZyIsInNsaWRlc2hvdyI6IjUzODZlYjMifQ%3D%3D\" href='https:\/\/eua25.org\/wp-content\/uploads\/2025\/05\/Ismet-Yavascaoglu.jpg'><img decoding=\"async\" width=\"225\" height=\"300\" src=\"https:\/\/eua25.org\/wp-content\/uploads\/2025\/05\/Ismet-Yavascaoglu-225x300.jpg\" class=\"attachment-medium size-medium\" alt=\"\" srcset=\"https:\/\/eua25.org\/wp-content\/uploads\/2025\/05\/Ismet-Yavascaoglu-225x300.jpg 225w, https:\/\/eua25.org\/wp-content\/uploads\/2025\/05\/Ismet-Yavascaoglu-768x1024.jpg 768w, https:\/\/eua25.org\/wp-content\/uploads\/2025\/05\/Ismet-Yavascaoglu-1152x1536.jpg 1152w, https:\/\/eua25.org\/wp-content\/uploads\/2025\/05\/Ismet-Yavascaoglu-9x12.jpg 9w, https:\/\/eua25.org\/wp-content\/uploads\/2025\/05\/Ismet-Yavascaoglu.jpg 1200w\" sizes=\"(max-width: 225px) 100vw, 225px\" \/><\/a>\n\t\t\t<\/div><\/figure><figure class='gallery-item'>\n\t\t\t<div class='gallery-icon portrait'>\n\t\t\t\t<a data-elementor-open-lightbox=\"yes\" data-elementor-lightbox-slideshow=\"5386eb3\" data-elementor-lightbox-title=\"Bekhzod-Ayubov\" data-e-action-hash=\"#elementor-action%3Aaction%3Dlightbox%26settings%3DeyJpZCI6MTUwMywidXJsIjoiaHR0cHM6XC9cL2V1YTI1Lm9yZ1wvd3AtY29udGVudFwvdXBsb2Fkc1wvMjAyNVwvMDVcL0Jla2h6b2QtQXl1Ym92LmpwZyIsInNsaWRlc2hvdyI6IjUzODZlYjMifQ%3D%3D\" href='https:\/\/eua25.org\/wp-content\/uploads\/2025\/05\/Bekhzod-Ayubov.jpg'><img decoding=\"async\" width=\"225\" height=\"300\" src=\"https:\/\/eua25.org\/wp-content\/uploads\/2025\/05\/Bekhzod-Ayubov-225x300.jpg\" class=\"attachment-medium size-medium\" alt=\"\" srcset=\"https:\/\/eua25.org\/wp-content\/uploads\/2025\/05\/Bekhzod-Ayubov-225x300.jpg 225w, https:\/\/eua25.org\/wp-content\/uploads\/2025\/05\/Bekhzod-Ayubov-768x1024.jpg 768w, https:\/\/eua25.org\/wp-content\/uploads\/2025\/05\/Bekhzod-Ayubov-1152x1536.jpg 1152w, https:\/\/eua25.org\/wp-content\/uploads\/2025\/05\/Bekhzod-Ayubov-9x12.jpg 9w, https:\/\/eua25.org\/wp-content\/uploads\/2025\/05\/Bekhzod-Ayubov.jpg 1200w\" sizes=\"(max-width: 225px) 100vw, 225px\" \/><\/a>\n\t\t\t<\/div><\/figure>\n\t\t<\/div>\n\t\t<\/div>\n\t\t\t\t\t\t<\/div>\n\t\t\t\t<\/div>\n\t\t\t\t\t<\/div>\n\t\t\t\t<\/div>\n\t\t<div class=\"elementor-element elementor-element-e14b5e2 e-flex e-con-boxed e-con e-parent\" data-id=\"e14b5e2\" data-element_type=\"container\">\n\t\t\t\t\t<div class=\"e-con-inner\">\n\t\t\t\t<div class=\"elementor-element elementor-element-bad7ae7 elementor-widget elementor-widget-google_maps\" data-id=\"bad7ae7\" data-element_type=\"widget\" data-widget_type=\"google_maps.default\">\n\t\t\t\t<div class=\"elementor-widget-container\">\n\t\t\t\t\t\t\t<div class=\"elementor-custom-embed\">\n\t\t\t<iframe loading=\"lazy\"\n\t\t\t\t\tsrc=\"https:\/\/maps.google.com\/maps?q=Nuh%E2%80%99un%20Gemisi%20Deluxe%20Hotel%20KKTC&#038;t=m&#038;z=13&#038;output=embed&#038;iwloc=near\"\n\t\t\t\t\ttitle=\"Nuh\u2019un Gemisi Deluxe Hotel KKTC\"\n\t\t\t\t\taria-label=\"Nuh\u2019un Gemisi Deluxe Hotel KKTC\"\n\t\t\t><\/iframe>\n\t\t<\/div>\n\t\t\t\t\t\t<\/div>\n\t\t\t\t<\/div>\n\t\t\t\t\t<\/div>\n\t\t\t\t<\/div>\n\t\t\t\t<\/div>","protected":false},"excerpt":{"rendered":"<p>Noah's Ark Deluxe Hotel, TRNC<\/p>","protected":false},"author":1,"featured_media":0,"parent":0,"menu_order":0,"comment_status":"closed","ping_status":"closed","template":"","meta":{"footnotes":""},"class_list":["post-39","page","type-page","status-publish","hentry"],"blocksy_meta":[],"_links":{"self":[{"href":"https:\/\/eua25.org\/en\/wp-json\/wp\/v2\/pages\/39","targetHints":{"allow":["GET"]}}],"collection":[{"href":"https:\/\/eua25.org\/en\/wp-json\/wp\/v2\/pages"}],"about":[{"href":"https:\/\/eua25.org\/en\/wp-json\/wp\/v2\/types\/page"}],"author":[{"embeddable":true,"href":"https:\/\/eua25.org\/en\/wp-json\/wp\/v2\/users\/1"}],"replies":[{"embeddable":true,"href":"https:\/\/eua25.org\/en\/wp-json\/wp\/v2\/comments?post=39"}],"version-history":[{"count":0,"href":"https:\/\/eua25.org\/en\/wp-json\/wp\/v2\/pages\/39\/revisions"}],"wp:attachment":[{"href":"https:\/\/eua25.org\/en\/wp-json\/wp\/v2\/media?parent=39"}],"curies":[{"name":"wp","href":"https:\/\/api.w.org\/{rel}","templated":true}]}}