{"id":27,"date":"2023-12-11T09:38:47","date_gmt":"2023-12-11T09:38:47","guid":{"rendered":"https:\/\/eua25.org\/?page_id=27"},"modified":"2025-07-16T15:34:56","modified_gmt":"2025-07-16T15:34:56","slug":"14-uluslararasi-uroonkoloji-kongresi","status":"publish","type":"page","link":"https:\/\/eua25.org\/en\/","title":{"rendered":"14. Uluslararas\u0131 \u00dcroonkoloji Kongresi"},"content":{"rendered":"<div data-elementor-type=\"wp-page\" data-elementor-id=\"27\" class=\"elementor elementor-27\" data-elementor-post-type=\"page\">\n\t\t\t\t<div class=\"elementor-element elementor-element-88c4fd0 e-flex e-con-boxed e-con e-parent\" data-id=\"88c4fd0\" data-element_type=\"container\" data-settings=\"{&quot;background_background&quot;:&quot;gradient&quot;}\">\n\t\t\t\t\t<div class=\"e-con-inner\">\n\t\t\t\t<div class=\"elementor-element elementor-element-f8f4321 elementor-align-center elementor-widget elementor-widget-button\" data-id=\"f8f4321\" data-element_type=\"widget\" data-widget_type=\"button.default\">\n\t\t\t\t<div class=\"elementor-widget-container\">\n\t\t\t\t\t\t\t\t\t<div class=\"elementor-button-wrapper\">\n\t\t\t\t\t<a class=\"elementor-button elementor-button-link elementor-size-sm\" href=\"https:\/\/drive.google.com\/file\/d\/1hfwnW8Oxn-e1QoKo2FIWMLdeEwt6mTVp\/view?usp=sharing\" target=\"_blank\">\n\t\t\t\t\t\t<span class=\"elementor-button-content-wrapper\">\n\t\t\t\t\t\t<span class=\"elementor-button-icon\">\n\t\t\t\t<svg aria-hidden=\"true\" class=\"e-font-icon-svg e-fas-file-pdf\" viewbox=\"0 0 384 512\" xmlns=\"http:\/\/www.w3.org\/2000\/svg\"><path d=\"M181.9 256.1c-5-16-4.9-46.9-2-46.9 8.4 0 7.6 36.9 2 46.9zm-1.7 47.2c-7.7 20.2-17.3 43.3-28.4 62.7 18.3-7 39-17.2 62.9-21.9-12.7-9.6-24.9-23.4-34.5-40.8zM86.1 428.1c0 .8 13.2-5.4 34.9-40.2-6.7 6.3-29.1 24.5-34.9 40.2zM248 160h136v328c0 13.3-10.7 24-24 24H24c-13.3 0-24-10.7-24-24V24C0 10.7 10.7 0 24 0h200v136c0 13.2 10.8 24 24 24zm-8 171.8c-20-12.2-33.3-29-42.7-53.8 4.5-18.5 11.6-46.6 6.2-64.2-4.7-29.4-42.4-26.5-47.8-6.8-5 18.3-.4 44.1 8.1 77-11.6 27.6-28.7 64.6-40.8 85.8-.1 0-.1.1-.2.1-27.1 13.9-73.6 44.5-54.5 68 5.6 6.9 16 10 21.5 10 17.9 0 35.7-18 61.1-61.8 25.8-8.5 54.1-19.1 79-23.2 21.7 11.8 47.1 19.5 64 19.5 29.2 0 31.2-32 19.7-43.4-13.9-13.6-54.3-9.7-73.6-7.2zM377 105L279 7c-4.5-4.5-10.6-7-17-7h-6v128h128v-6.1c0-6.3-2.5-12.4-7-16.9zm-74.1 255.3c4.1-2.7-2.5-11.9-42.8-9 37.1 15.8 42.8 9 42.8 9z\"><\/path><\/svg>\t\t\t<\/span>\n\t\t\t\t\t\t\t\t\t<span class=\"elementor-button-text\">B\u0130LD\u0130R\u0130 K\u0130TABI \u0130\u00c7\u0130N TIKLAYINIZ<\/span>\n\t\t\t\t\t<\/span>\n\t\t\t\t\t<\/a>\n\t\t\t\t<\/div>\n\t\t\t\t\t\t\t\t<\/div>\n\t\t\t\t<\/div>\n\t\t\t\t\t<\/div>\n\t\t\t\t<\/div>\n\t\t<div class=\"elementor-element elementor-element-e60ad59 e-flex e-con-boxed e-con e-parent\" data-id=\"e60ad59\" data-element_type=\"container\">\n\t\t\t\t\t<div class=\"e-con-inner\">\n\t\t<div class=\"elementor-element elementor-element-eeacbf5 e-con-full e-flex e-con e-child\" data-id=\"eeacbf5\" data-element_type=\"container\">\n\t\t<div class=\"elementor-element elementor-element-af0b99d e-con-full e-flex e-con e-child\" data-id=\"af0b99d\" data-element_type=\"container\" data-settings=\"{&quot;background_background&quot;:&quot;slideshow&quot;,&quot;background_slideshow_gallery&quot;:[{&quot;id&quot;:1872,&quot;url&quot;:&quot;https:\\\/\\\/eua25.org\\\/wp-content\\\/uploads\\\/2025\\\/05\\\/147A0129.jpg&quot;},{&quot;id&quot;:1873,&quot;url&quot;:&quot;https:\\\/\\\/eua25.org\\\/wp-content\\\/uploads\\\/2025\\\/05\\\/147A0180.jpg&quot;},{&quot;id&quot;:1876,&quot;url&quot;:&quot;https:\\\/\\\/eua25.org\\\/wp-content\\\/uploads\\\/2025\\\/05\\\/147A0706.jpg&quot;},{&quot;id&quot;:1877,&quot;url&quot;:&quot;https:\\\/\\\/eua25.org\\\/wp-content\\\/uploads\\\/2025\\\/05\\\/147A0008.jpg&quot;}],&quot;background_slideshow_ken_burns&quot;:&quot;yes&quot;,&quot;background_slideshow_loop&quot;:&quot;yes&quot;,&quot;background_slideshow_slide_duration&quot;:5000,&quot;background_slideshow_slide_transition&quot;:&quot;fade&quot;,&quot;background_slideshow_transition_duration&quot;:500,&quot;background_slideshow_ken_burns_zoom_direction&quot;:&quot;in&quot;}\">\n\t\t\t\t<div class=\"elementor-element elementor-element-8a4ed23 elementor-align-center elementor-widget elementor-widget-button\" data-id=\"8a4ed23\" data-element_type=\"widget\" data-widget_type=\"button.default\">\n\t\t\t\t<div class=\"elementor-widget-container\">\n\t\t\t\t\t\t\t\t\t<div class=\"elementor-button-wrapper\">\n\t\t\t\t\t<a class=\"elementor-button elementor-button-link elementor-size-sm\" href=\"https:\/\/photos.app.goo.gl\/YMpWfntHnDnvLqxc8\" target=\"_blank\">\n\t\t\t\t\t\t<span class=\"elementor-button-content-wrapper\">\n\t\t\t\t\t\t<span class=\"elementor-button-icon\">\n\t\t\t\t<svg aria-hidden=\"true\" class=\"e-font-icon-svg e-far-images\" viewbox=\"0 0 576 512\" xmlns=\"http:\/\/www.w3.org\/2000\/svg\"><path d=\"M480 416v16c0 26.51-21.49 48-48 48H48c-26.51 0-48-21.49-48-48V176c0-26.51 21.49-48 48-48h16v48H54a6 6 0 0 0-6 6v244a6 6 0 0 0 6 6h372a6 6 0 0 0 6-6v-10h48zm42-336H150a6 6 0 0 0-6 6v244a6 6 0 0 0 6 6h372a6 6 0 0 0 6-6V86a6 6 0 0 0-6-6zm6-48c26.51 0 48 21.49 48 48v256c0 26.51-21.49 48-48 48H144c-26.51 0-48-21.49-48-48V80c0-26.51 21.49-48 48-48h384zM264 144c0 22.091-17.909 40-40 40s-40-17.909-40-40 17.909-40 40-40 40 17.909 40 40zm-72 96l39.515-39.515c4.686-4.686 12.284-4.686 16.971 0L288 240l103.515-103.515c4.686-4.686 12.284-4.686 16.971 0L480 208v80H192v-48z\"><\/path><\/svg>\t\t\t<\/span>\n\t\t\t\t\t\t\t\t\t<span class=\"elementor-button-text\">FOTO\u011eRAF GALER\u0130S\u0130<\/span>\n\t\t\t\t\t<\/span>\n\t\t\t\t\t<\/a>\n\t\t\t\t<\/div>\n\t\t\t\t\t\t\t\t<\/div>\n\t\t\t\t<\/div>\n\t\t\t\t<\/div>\n\t\t\t\t<div class=\"elementor-element elementor-element-f0443df elementor-widget elementor-widget-video\" data-id=\"f0443df\" data-element_type=\"widget\" data-settings=\"{&quot;video_type&quot;:&quot;vimeo&quot;}\" data-widget_type=\"video.default\">\n\t\t\t\t<div class=\"elementor-widget-container\">\n\t\t\t\t\t\t\t<div class=\"elementor-wrapper elementor-open-inline\">\n\t\t\t<iframe class=\"elementor-video-iframe\" allowfullscreen allow=\"clipboard-write\" title=\"vimeo Video Player\" src=\"https:\/\/player.vimeo.com\/video\/1086481791?color&amp;autopause=0&amp;loop=0&amp;muted=0&amp;title=1&amp;portrait=1&amp;byline=1&amp;h=88cb2deaf2#t=\"><\/iframe>\t\t<\/div>\n\t\t\t\t\t\t<\/div>\n\t\t\t\t<\/div>\n\t\t\t\t<\/div>\n\t\t\t\t\t<\/div>\n\t\t\t\t<\/div>\n\t\t<div class=\"elementor-element elementor-element-52518cb e-flex e-con-boxed e-con e-parent\" data-id=\"52518cb\" data-element_type=\"container\" data-settings=\"{&quot;background_background&quot;:&quot;classic&quot;}\">\n\t\t\t\t\t<div class=\"e-con-inner\">\n\t\t<div class=\"elementor-element elementor-element-483253f e-con-full e-flex e-con e-child\" data-id=\"483253f\" data-element_type=\"container\">\n\t\t\t\t<div class=\"elementor-element elementor-element-dbd7e0d elementor-widget elementor-widget-image\" data-id=\"dbd7e0d\" data-element_type=\"widget\" data-widget_type=\"image.default\">\n\t\t\t\t<div class=\"elementor-widget-container\">\n\t\t\t\t\t\t\t\t\t\t\t\t\t\t\t<img fetchpriority=\"high\" decoding=\"async\" width=\"782\" height=\"240\" src=\"https:\/\/eua25.org\/wp-content\/uploads\/2025\/05\/corporate-identity-list-img-1-1.jpg\" class=\"attachment-large size-large wp-image-1859\" alt=\"\" srcset=\"https:\/\/eua25.org\/wp-content\/uploads\/2025\/05\/corporate-identity-list-img-1-1.jpg 782w, https:\/\/eua25.org\/wp-content\/uploads\/2025\/05\/corporate-identity-list-img-1-1-300x92.jpg 300w, https:\/\/eua25.org\/wp-content\/uploads\/2025\/05\/corporate-identity-list-img-1-1-768x236.jpg 768w, https:\/\/eua25.org\/wp-content\/uploads\/2025\/05\/corporate-identity-list-img-1-1-18x6.jpg 18w\" sizes=\"(max-width: 782px) 100vw, 782px\" \/>\t\t\t\t\t\t\t\t\t\t\t\t\t\t\t<\/div>\n\t\t\t\t<\/div>\n\t\t\t\t<div class=\"elementor-element elementor-element-2d16a80 elementor-widget elementor-widget-text-editor\" data-id=\"2d16a80\" data-element_type=\"widget\" data-widget_type=\"text-editor.default\">\n\t\t\t\t<div class=\"elementor-widget-container\">\n\t\t\t\t\t\t\t\t\t<p style=\"text-align: center;\">Destekleriyle<\/p>\t\t\t\t\t\t\t\t<\/div>\n\t\t\t\t<\/div>\n\t\t\t\t<\/div>\n\t\t\t\t\t<\/div>\n\t\t\t\t<\/div>\n\t\t<div class=\"elementor-element elementor-element-9a04150 e-flex e-con-boxed elementor-invisible e-con e-parent\" data-id=\"9a04150\" data-element_type=\"container\" data-settings=\"{&quot;background_background&quot;:&quot;classic&quot;,&quot;animation&quot;:&quot;fadeIn&quot;}\">\n\t\t\t\t\t<div class=\"e-con-inner\">\n\t\t<div class=\"elementor-element elementor-element-e0da2b1 e-con-full e-flex e-con e-child\" data-id=\"e0da2b1\" data-element_type=\"container\">\n\t\t\t\t<div class=\"elementor-element elementor-element-58c517d elementor-widget elementor-widget-heading\" data-id=\"58c517d\" data-element_type=\"widget\" data-widget_type=\"heading.default\">\n\t\t\t\t<div class=\"elementor-widget-container\">\n\t\t\t\t\t<h2 class=\"elementor-heading-title elementor-size-default\">Invitation<\/h2>\t\t\t\t<\/div>\n\t\t\t\t<\/div>\n\t\t\t\t<\/div>\n\t\t<div class=\"elementor-element elementor-element-f13aa51 e-con-full e-flex e-con e-child\" data-id=\"f13aa51\" data-element_type=\"container\">\n\t\t\t\t<div class=\"elementor-element elementor-element-d30565c elementor-widget elementor-widget-text-editor\" data-id=\"d30565c\" data-element_type=\"widget\" data-widget_type=\"text-editor.default\">\n\t\t\t\t<div class=\"elementor-widget-container\">\n\t\t\t\t\t\t\t\t\t<p>Dear Colleagues,<\/p><p>The 14th International Eurasian Uro-oncology Congress, organized by the Eurasian Uro-oncology Association, will be held from May 16\u201319, 2025, at Noah's Ark Deluxe Hotel in the Turkish Republic of Northern Cyprus.<\/p><p>Coinciding with the Commemoration of Atat\u00fcrk, Youth, and Sports Day on May 19, this special event aims to integrate the spirit of youth into our scientific program while presenting the latest updates and innovations in the field of uro-oncology. Attendees can look forward to a rich scientific program featuring presentations by renowned experts, case discussions, and hands-on training sessions.<\/p><p>In addition to the scientific content, the congress will also offer a delightful social program. From a special concert by a surprise artist to various social activities, participants will enjoy an unforgettable congress experience blending science and art.<\/p><p>We would be honored to welcome you to this meaningful event, where we will unite the power of knowledge and collaboration in uro-oncology.<\/br><\/br>\n\nWe look forward to seeing you there!<\/p>\t\t\t\t\t\t\t\t<\/div>\n\t\t\t\t<\/div>\n\t\t\t\t<\/div>\n\t\t\t\t\t<\/div>\n\t\t\t\t<\/div>\n\t\t<div class=\"elementor-element elementor-element-f16143d e-flex e-con-boxed e-con e-parent\" data-id=\"f16143d\" data-element_type=\"container\">\n\t\t\t\t\t<div class=\"e-con-inner\">\n\t\t\t\t\t<\/div>\n\t\t\t\t<\/div>\n\t\t\t\t<\/div>","protected":false},"excerpt":{"rendered":"<p>B\u0130LD\u0130R\u0130 K\u0130TABI \u0130\u00c7\u0130N TIKLAYINIZ FOTO\u011eRAF GALER\u0130S\u0130 Destekleriyle Davet De\u011ferli Meslekta\u015flar\u0131m\u0131z, Avrasya \u00dcroonkoloji Derne\u011fi taraf\u0131ndan d\u00fczenlenen 14. Uluslararas\u0131 Avrasya \u00dcroonkoloji Kongresi, 16-19 May\u0131s 2025 tarihleri aras\u0131nda Kuzey K\u0131br\u0131s T\u00fcrk Cumhuriyeti\u2019nde Nuh\u2019un Gemisi Deluxe Hotel\u2019de ger\u00e7ekle\u015ftirilecektir. 19 May\u0131s Atat\u00fcrk\u2019\u00fc Anma, Gen\u00e7lik ve Spor Bayram\u0131\u2019na denk gelen bu \u00f6zel tarihlerde d\u00fczenlenecek kongremizde, bilimsel program\u0131m\u0131z\u0131 gen\u00e7lik ruhuyla b\u00fct\u00fcnle\u015ftirerek, \u00fcroonkoloji [&hellip;]<\/p>","protected":false},"author":1,"featured_media":0,"parent":0,"menu_order":0,"comment_status":"closed","ping_status":"closed","template":"elementor_header_footer","meta":{"footnotes":""},"class_list":["post-27","page","type-page","status-publish","hentry"],"blocksy_meta":[],"_links":{"self":[{"href":"https:\/\/eua25.org\/en\/wp-json\/wp\/v2\/pages\/27","targetHints":{"allow":["GET"]}}],"collection":[{"href":"https:\/\/eua25.org\/en\/wp-json\/wp\/v2\/pages"}],"about":[{"href":"https:\/\/eua25.org\/en\/wp-json\/wp\/v2\/types\/page"}],"author":[{"embeddable":true,"href":"https:\/\/eua25.org\/en\/wp-json\/wp\/v2\/users\/1"}],"replies":[{"embeddable":true,"href":"https:\/\/eua25.org\/en\/wp-json\/wp\/v2\/comments?post=27"}],"version-history":[{"count":0,"href":"https:\/\/eua25.org\/en\/wp-json\/wp\/v2\/pages\/27\/revisions"}],"wp:attachment":[{"href":"https:\/\/eua25.org\/en\/wp-json\/wp\/v2\/media?parent=27"}],"curies":[{"name":"wp","href":"https:\/\/api.w.org\/{rel}","templated":true}]}}